{"id":6,"date":"2012-03-16T18:48:02","date_gmt":"2012-03-16T18:48:02","guid":{"rendered":"http:\/\/www.philip-koester.de\/?page_id=6"},"modified":"2022-08-17T22:42:01","modified_gmt":"2022-08-17T21:42:01","slug":"about-me","status":"publish","type":"page","link":"https:\/\/philipkoester.com\/de\/about-me\/","title":{"rendered":"\u00dcber mich"},"content":{"rendered":"<p>[vc_row css_animation=&#8220;&#8220; row_type=&#8220;row&#8220; use_row_as_full_screen_section=&#8220;yes&#8220; type=&#8220;full_width&#8220; angled_section=&#8220;no&#8220; text_align=&#8220;left&#8220; background_image_as_pattern=&#8220;without_pattern&#8220; padding_bottom=&#8220;100&#8243;][vc_column]<div class='qode_carousels_holder clearfix'><div class='qode_carousels' data-number-of-visible-items=''><ul class='slides'><li class='item'><div class=\"carousel_item_holder\"><a itemprop='url' href='https:\/\/www.vwcomerciales.com\/' target='_self'><span class='first_image_holder has_hover_image'><img itemprop=\"image\" src=\"http:\/\/philipkoester.com\/media\/LOGO_VW_SW_1.jpg\" alt=\"carousel image\" \/><\/span><span class='second_image_holder has_hover_image'><img itemprop=\"image\" src=\"http:\/\/philipkoester.com\/media\/LOGO_VW_F_1.jpg\" alt=\"carousel image\" \/><\/span><\/a><\/div><\/li><li class='item'><div class=\"carousel_item_holder\"><a itemprop='url' href='http:\/\/www.redbull.com\/de\/de' target='_self'><span class='first_image_holder has_hover_image'><img itemprop=\"image\" src=\"http:\/\/philipkoester.com\/media\/LOGO_RB_SW_1.jpg\" alt=\"carousel image\" \/><\/span><span class='second_image_holder has_hover_image'><img itemprop=\"image\" src=\"http:\/\/philipkoester.com\/media\/LOGO_RB_F_1.jpg\" alt=\"carousel image\" \/><\/span><\/a><\/div><\/li><li class='item'><div class=\"carousel_item_holder\"><a itemprop='url' href='http:\/\/www.severnesails.com' target='_self'><span class='first_image_holder has_hover_image'><img itemprop=\"image\" src=\"https:\/\/philipkoester.com\/media\/blackfinn-1.png\" alt=\"carousel image\" \/><\/span><span class='second_image_holder has_hover_image'><img itemprop=\"image\" src=\"https:\/\/philipkoester.com\/media\/blackfinn-OVER.png\" alt=\"carousel image\" \/><\/span><\/a><\/div><\/li><li class='item'><div class=\"carousel_item_holder\"><span class='first_image_holder has_hover_image'><img itemprop=\"image\" src=\"http:\/\/philipkoester.com\/media\/severene-grey.jpg\" alt=\"carousel image\" \/><\/span><span class='second_image_holder has_hover_image'><img itemprop=\"image\" src=\"http:\/\/philipkoester.com\/media\/severene.jpg\" alt=\"carousel image\" \/><\/span><\/div><\/li><li class='item'><div class=\"carousel_item_holder\"><span class='first_image_holder has_hover_image'><img itemprop=\"image\" src=\"http:\/\/philipkoester.com\/media\/boot-grey.jpg\" alt=\"carousel image\" \/><\/span><span class='second_image_holder has_hover_image'><img itemprop=\"image\" src=\"http:\/\/philipkoester.com\/media\/boot.jpg\" alt=\"carousel image\" \/><\/span><\/div><\/li><li class='item'><div class=\"carousel_item_holder\"><a itemprop='url' href='https:\/\/www.blackprojectwindsurfing.com\/' target='_self'><span class='first_image_holder has_hover_image'><img itemprop=\"image\" src=\"https:\/\/philipkoester.com\/media\/blackfinn-1.png\" alt=\"carousel image\" \/><\/span><span class='second_image_holder has_hover_image'><img itemprop=\"image\" src=\"https:\/\/philipkoester.com\/media\/blackfinn-OVER.png\" alt=\"carousel image\" \/><\/span><\/a><\/div><\/li><li class='item'><div class=\"carousel_item_holder\"><a itemprop='url' href='https:\/\/takoon.com\/?lang=en' target='_self'><span class='first_image_holder has_hover_image'><img itemprop=\"image\" src=\"https:\/\/philipkoester.com\/media\/takoon.png\" alt=\"carousel image\" \/><\/span><span class='second_image_holder has_hover_image'><img itemprop=\"image\" src=\"https:\/\/philipkoester.com\/media\/takoon2.png\" alt=\"carousel image\" \/><\/span><\/a><\/div><\/li><\/ul><\/div><\/div><div class='qode_image_gallery_no_space light highlight_active'><div class='qode_image_gallery_holder' style='height: 300px;'><ul style = \"background-color: #dd9933\" ><li style = \"opacity: 1\" ><div style=\"height: 300px; width:450px;\"><img itemprop=\"image\" src=\"https:\/\/philipkoester.com\/media\/GC22_ls_G44_0617.jpg\" alt=\"\" \/><\/div><\/li><li style = \"opacity: 1\" ><div style=\"height: 300px; width:450px;\"><img itemprop=\"image\" src=\"https:\/\/philipkoester.com\/media\/GC22_ls_G44_0959.jpg\" alt=\"\" \/><\/div><\/li><li style = \"opacity: 1\" ><div style=\"height: 300px; width:450px;\"><img itemprop=\"image\" src=\"https:\/\/philipkoester.com\/media\/GC22_ls_G44_0960.jpg\" alt=\"\" \/><\/div><\/li><li style = \"opacity: 1\" ><div style=\"height: 300px; width:450px;\"><img itemprop=\"image\" src=\"https:\/\/philipkoester.com\/media\/GC22_ls_G44_0619-1.jpg\" alt=\"\" \/><\/div><\/li><li style = \"opacity: 1\" ><div style=\"height: 300px; width:451px;\"><img itemprop=\"image\" src=\"https:\/\/philipkoester.com\/media\/GC22_ls_PRIZE_1039.jpg\" alt=\"\" \/><\/div><\/li><li style = \"opacity: 1\" ><div style=\"height: 300px; width:450px;\"><img itemprop=\"image\" src=\"https:\/\/philipkoester.com\/media\/GC22_wv_G44_0905.jpg\" alt=\"\" \/><\/div><\/li><li style = \"opacity: 1\" ><div style=\"height: 300px; width:450px;\"><img itemprop=\"image\" src=\"https:\/\/philipkoester.com\/media\/GC22_ls_PRIZE_1003.jpg\" alt=\"\" \/><\/div><\/li><li style = \"opacity: 1\" ><div style=\"height: 300px; width:450px;\"><img itemprop=\"image\" src=\"https:\/\/philipkoester.com\/media\/GC22_wv_G44_0697.jpg\" alt=\"\" \/><\/div><\/li><li style = \"opacity: 1\" ><div style=\"height: 300px; width:450px;\"><img itemprop=\"image\" src=\"https:\/\/philipkoester.com\/media\/AC15_ls_Three_wave_titles_for_Philip_Koester-600x400.jpg\" alt=\"\" \/><\/div><\/li><li style = \"opacity: 1\" ><div style=\"height: 300px; width:450px;\"><img itemprop=\"image\" src=\"https:\/\/philipkoester.com\/media\/AC15_ls_G44_0413.jpg\" alt=\"\" \/><\/div><\/li><li style = \"opacity: 1\" ><div style=\"height: 300px; width:450px;\"><img itemprop=\"image\" src=\"https:\/\/philipkoester.com\/media\/actagency_6170.jpg\" alt=\"\" \/><\/div><\/li><li style = \"opacity: 1\" ><div style=\"height: 300px; width:456px;\"><img itemprop=\"image\" src=\"https:\/\/philipkoester.com\/media\/DK15_ls_G44_0983.jpg\" alt=\"\" \/><\/div><\/li><li style = \"opacity: 1\" ><div style=\"height: 300px; width:450px;\"><img itemprop=\"image\" src=\"https:\/\/philipkoester.com\/media\/AC15_ls_G44_0457.jpg\" alt=\"\" \/><\/div><\/li><li style = \"opacity: 1\" ><div style=\"height: 300px; width:450px;\"><img itemprop=\"image\" src=\"https:\/\/philipkoester.com\/media\/actagency_15893.jpg\" alt=\"\" \/><\/div><\/li><li style = \"opacity: 1\" ><div style=\"height: 300px; width:474px;\"><img itemprop=\"image\" src=\"https:\/\/philipkoester.com\/media\/IMG_9586-r.jpg\" alt=\"\" \/><\/div><\/li><li style = \"opacity: 1\" ><div style=\"height: 300px; width:450px;\"><img itemprop=\"image\" src=\"https:\/\/philipkoester.com\/media\/actagency_13748.jpg\" alt=\"\" \/><\/div><\/li><li style = \"opacity: 1\" ><div style=\"height: 300px; width:450px;\"><img itemprop=\"image\" src=\"https:\/\/philipkoester.com\/media\/actagency_13767.jpg\" alt=\"\" \/><\/div><\/li><li style = \"opacity: 1\" ><div style=\"height: 300px; width:450px;\"><img itemprop=\"image\" src=\"https:\/\/philipkoester.com\/media\/actagency_13774.jpg\" alt=\"\" \/><\/div><\/li><li style = \"opacity: 1\" ><div style=\"height: 300px; width:451px;\"><img itemprop=\"image\" src=\"https:\/\/philipkoester.com\/media\/actagency_14878.jpg\" alt=\"\" \/><\/div><\/li><li style = \"opacity: 1\" ><div style=\"height: 300px; width:450px;\"><img itemprop=\"image\" src=\"https:\/\/philipkoester.com\/media\/actagency_15581.jpg\" alt=\"\" \/><\/div><\/li><li style = \"opacity: 1\" ><div style=\"height: 300px; width:399px;\"><img itemprop=\"image\" src=\"https:\/\/philipkoester.com\/media\/2006-Pozo.jpg\" alt=\"\" \/><\/div><\/li><li style = \"opacity: 1\" ><div style=\"height: 300px; width:450px;\"><img itemprop=\"image\" src=\"https:\/\/philipkoester.com\/media\/IMG_1245.jpg\" alt=\"\" \/><\/div><\/li><li style = \"opacity: 1\" ><div style=\"height: 300px; width:450px;\"><img itemprop=\"image\" src=\"https:\/\/philipkoester.com\/media\/MG_1627.jpg\" alt=\"\" \/><\/div><\/li><li style = \"opacity: 1\" ><div style=\"height: 300px; width:451px;\"><img itemprop=\"image\" src=\"https:\/\/philipkoester.com\/media\/SB_WS_JC_DY7_D3_3518.jpg\" alt=\"\" \/><\/div><\/li><li style = \"opacity: 1\" ><div style=\"height: 300px; width:450px;\"><img itemprop=\"image\" src=\"https:\/\/philipkoester.com\/media\/victor-und-philip.jpg\" alt=\"\" \/><\/div><\/li><li style = \"opacity: 1\" ><div style=\"height: 300px; width:451px;\"><img itemprop=\"image\" src=\"https:\/\/philipkoester.com\/media\/SB_WS_JC_DY7_D3_3676.jpg\" alt=\"\" \/><\/div><\/li><li style = \"opacity: 1\" ><div style=\"height: 300px; width:450px;\"><img itemprop=\"image\" src=\"https:\/\/philipkoester.com\/media\/GC22_wv_G44_0968-1.jpg\" alt=\"\" \/><\/div><\/li><li style = \"opacity: 1\" ><div style=\"height: 300px; width:450px;\"><img itemprop=\"image\" src=\"https:\/\/philipkoester.com\/media\/GC22_wv_G44_0967-1.jpg\" alt=\"\" \/><\/div><\/li><li style = \"opacity: 1\" ><div style=\"height: 300px; width:450px;\"><img itemprop=\"image\" src=\"https:\/\/philipkoester.com\/media\/GC22_wv_G44_0917.jpg\" alt=\"\" \/><\/div><\/li><li style = \"opacity: 1\" ><div style=\"height: 300px; width:450px;\"><img itemprop=\"image\" src=\"https:\/\/philipkoester.com\/media\/GC22_ls_G44_0618.jpg\" alt=\"\" \/><\/div><\/li><li style = \"opacity: 1\" ><div style=\"height: 300px; width:450px;\"><img itemprop=\"image\" src=\"https:\/\/philipkoester.com\/media\/GC22_ls_G44_0958.jpg\" alt=\"\" \/><\/div><\/li><\/ul><\/div><div class=\"controls\"><a class=\"prev-slide\" href=\"#\"><span><i class=\"fa fa-angle-left\"><\/i><\/span><\/a><a class=\"next-slide\" href=\"#\"><span><i class=\"fa fa-angle-right\"><\/i><\/span><\/a><\/div><\/div>[\/vc_column][\/vc_row][vc_row css_animation=&#8220;&#8220; row_type=&#8220;row&#8220; use_row_as_full_screen_section=&#8220;no&#8220; type=&#8220;full_width&#8220; angled_section=&#8220;no&#8220; text_align=&#8220;left&#8220; background_image_as_pattern=&#8220;without_pattern&#8220; padding_bottom=&#8220;100&#8243;][vc_column][vc_column_text]Geboren bin ich am 05.03.1994 in Las Palmas auf Gran Canaria. Unser Haus ist das einzige am Strand von Vargas und es ist gerade einmal 90 Meter vom Wasser entfernt. Ich habe eine Schwester, die aber in Deutschland lebt.\u00a0Sie ist ebenfalls eine ganz hervorragende Windsurferin und eine super L\u00e4uferin.<\/p>\n<p>&nbsp;<\/p>\n<p>Schon mit acht Jahren war mir klar, dass ich Windsurfen lernen wollte. Kein Wunder, ich sah ja t\u00e4glich bei den Schularbeiten die Windsurf-Action direkt vor meinem Fenster. Das Wasser war ohnehin schon immer mein liebstes Element. Vor dem Beginn meiner Windsurf-Karriere war ich kanarischer Meister im Freistil-Schwimmen.<\/p>\n<p>&nbsp;<\/p>\n<p>Und dann ging alles ganz schnell: Nach meinen ersten Versuchen bekam ich ein Waveboard geschenkt, auf dem ich t\u00e4glich stundenlang trainierte. Mit Zw\u00f6lf erhielt ich meine erste Wildcard f\u00fcr den PWA World Cup in Pozo. Das war mein erster Achtungserfolg, ich bin allerdings gleich im ersten Lauf ausgeschieden. Das spornte mich zus\u00e4tzlich an, und ich verbrachte fortan jede freie Minute auf dem Wasser. Drei Jahre sp\u00e4ter habe ich bereits den ersten World Cup gewonnen.<\/p>\n<p>&nbsp;<\/p>\n<p>2011 wurde ich mit gerade einmal\u00a017 Jahren zum ersten Mal Weltmeister.\u00a02012 konnte ich den Titel erfolgreich verteidigen. 2013 war ein schwieriges Jahr, denn es gab wenig Events mit Wind, und auf Maui hatte ich eine Staphylokokken-Infektion und musste ins Krankenhaus. Somit war es mir nicht mehr m\u00f6glich, meinen Titel zu verteidigen. 2014 gewann ich den World Cup auf Teneriffa und wurde Gesamtsiebter.<\/p>\n<p>&nbsp;<\/p>\n<p>2015 war dann wieder mein Jahr:\u00a0Ich holte mir den Weltmeistertitel Nummer drei! Auch 2016 startete gut, doch leider verletzte ich mich im September beim Training vor Australien schwer am rechten Knie. Die Saison war gelaufen, es folgten eine Operation und viele Reha-Einheiten.<\/p>\n<p>&nbsp;<\/p>\n<p>Seit 2017 stehe ich nach einer langen Pause wieder auf dem Board. Es wurde ein perfektes\u00a0Comeback: Ich konnte alle drei Worldcups gewinnen\u00a0und bin jetzt vierfacher Weltmeister!<\/p>\n<p>In der Saison 2018 hat es leider nicht f\u00fcr den Weltmeistertitel gereicht, aber als Drittplatzierter stand ich zumindest am Jahresende auf dem Podium. 2019 habe ich meine Leistungen konstant abgerufen und ging als Weltranglistenerster zum Finale nach Hawaii. Dort konnte ich in einem hochklassigen Wettbewerb meine Gesamtf\u00fchrung verteidigen und meinen f\u00fcnften Weltmeistertitel feiern.<\/p>\n<p>[\/vc_column_text][\/vc_column][\/vc_row][vc_row css_animation=&#8220;&#8220; row_type=&#8220;row&#8220; use_row_as_full_screen_section=&#8220;no&#8220; type=&#8220;full_width&#8220; angled_section=&#8220;no&#8220; text_align=&#8220;left&#8220; background_image_as_pattern=&#8220;without_pattern&#8220; padding_bottom=&#8220;100&#8243;][vc_column]<span class=\"separator_with_icon\" style='color:#dd9933;'><i class=\"fa fa-trophy\"><\/i><\/span>[vc_column_text]<\/p>\n<h2 style=\"text-align: center;\">ERFOLGE<\/h2>\n<p>[\/vc_column_text][\/vc_column][\/vc_row][vc_row css_animation=&#8220;&#8220; row_type=&#8220;row&#8220; use_row_as_full_screen_section=&#8220;no&#8220; type=&#8220;full_width&#8220; angled_section=&#8220;no&#8220; text_align=&#8220;left&#8220; background_image_as_pattern=&#8220;without_pattern&#8220; padding_bottom=&#8220;100&#8243;][vc_column width=&#8220;1\/2&#8243;][vc_column_text]<\/p>\n<p>Sportliche Erfolge:<\/p>\n<p>2008 Champion Red Bull Big Days Germany<\/p>\n<p>2009 Champion Wave Copa de Espa\u00f1a<\/p>\n<p>2010 DWC Meister Wave<\/p>\n<p>2010 Vice Champion Slalom, Canarian Championships<br \/>\n2010 Champion Slalom Gran Canaria<\/p>\n<p>2011 Wave Champion DWC<br \/>\n<strong>2011 World Champion PWA Wave men<\/strong><\/p>\n<p>2011 Youth World Champion PWA Wave<br \/>\n2011 Supreme Big Days Champion<br \/>\n<strong>2012 World Champion PWA Wave men<\/strong><\/p>\n<p>2012 Youth World Champion PWA Wave<\/p>\n<p>2013 Winner Supersession, PWA Gran Canaria<\/p>\n<p>2013 PWA Youth World Champion<\/p>\n<p>2014 Winner Lancelin Wave contest, Australia<\/p>\n<p><strong>2015 World Champion PWA Wave men<\/strong><\/p>\n<p><strong>2017 World Champion PWA Wave men<\/strong><\/p>\n<p>2019 Zweitplatzierter beim Red Bull Storm Chase<\/p>\n<p><strong>2019<\/strong> <strong>World Champion PWA Wave men<\/strong><\/p>\n<p>[\/vc_column_text][\/vc_column][vc_column width=&#8220;1\/2&#8243;][vc_column_text]<\/p>\n<p>Nominierungen und Auszeichnungen:<\/p>\n<p>2008 Rookie of the year, PWA<br \/>\n2009 Surfer of the Year, Surf Magazin<br \/>\n2010 Surfer of the Year, Surf Magazin<br \/>\n2010 Windsurfer des Jahres, Extreme Sports Awards<br \/>\n2011 Nominiert f\u00fcr den Laureus Award<br \/>\n2011 Men Of The Year, GQ<br \/>\n2011 Surfer of the Year, Surf Magazin<br \/>\n2012 Nominiert zu Deutschlands Sportler des Jahres<br \/>\n2012 Surfer of the year, Surf Magazin<br \/>\n2013 Surfer of the year, Surf Magazin<br \/>\n2015 Surfer of the year, Surf Magazin<br \/>\n2017 Surfer of the year, Surf Magazin<br \/>\n2018 Winner Lancelin wave , Australia<br \/>\n2019 Weltmeister \u00a0PWA men wave<br \/>\n<strong>2022 \u00a0winner PWA Pozo\u00a0<\/strong><\/p>\n<p>[\/vc_column_text][\/vc_column][\/vc_row][vc_row css_animation=&#8220;&#8220; row_type=&#8220;row&#8220; use_row_as_full_screen_section=&#8220;no&#8220; type=&#8220;full_width&#8220; angled_section=&#8220;no&#8220; text_align=&#8220;left&#8220; background_image_as_pattern=&#8220;without_pattern&#8220;][vc_column][\/vc_column][\/vc_row]<\/p>","protected":false},"excerpt":{"rendered":"<p>Philip K\u00f6ster is the youngest wave world champion in the PWA history. Learn the crucial facts about the outstanding athlete.<\/p>\n","protected":false},"author":6,"featured_media":0,"parent":0,"menu_order":40,"comment_status":"closed","ping_status":"closed","template":"","meta":[],"_links":{"self":[{"href":"https:\/\/philipkoester.com\/de\/wp-json\/wp\/v2\/pages\/6"}],"collection":[{"href":"https:\/\/philipkoester.com\/de\/wp-json\/wp\/v2\/pages"}],"about":[{"href":"https:\/\/philipkoester.com\/de\/wp-json\/wp\/v2\/types\/page"}],"author":[{"embeddable":true,"href":"https:\/\/philipkoester.com\/de\/wp-json\/wp\/v2\/users\/6"}],"replies":[{"embeddable":true,"href":"https:\/\/philipkoester.com\/de\/wp-json\/wp\/v2\/comments?post=6"}],"version-history":[{"count":10,"href":"https:\/\/philipkoester.com\/de\/wp-json\/wp\/v2\/pages\/6\/revisions"}],"predecessor-version":[{"id":1859,"href":"https:\/\/philipkoester.com\/de\/wp-json\/wp\/v2\/pages\/6\/revisions\/1859"}],"wp:attachment":[{"href":"https:\/\/philipkoester.com\/de\/wp-json\/wp\/v2\/media?parent=6"}],"curies":[{"name":"wp","href":"https:\/\/api.w.org\/{rel}","templated":true}]}}