{"id":1808,"date":"2022-07-21T12:40:01","date_gmt":"2022-07-21T11:40:01","guid":{"rendered":"https:\/\/philipkoester.com\/?page_id=1808"},"modified":"2022-07-21T12:45:01","modified_gmt":"2022-07-21T11:45:01","slug":"impressum-2","status":"publish","type":"page","link":"https:\/\/philipkoester.com\/de\/impressum-2\/","title":{"rendered":"impressum"},"content":{"rendered":"<p><strong><em>FONDO EUROPEO DE DESARROLLO REGIONAL<\/em><\/strong><\/p>\r\n<!-- \/wp:paragraph -->\r\n<p>&nbsp;<\/p>\r\n<!-- wp:paragraph -->\r\n<p><em>Proyecto cofinanciado por el Fondo Europeo de Desarrollo Regional como parte de la respuesta de la Uni\u00f3n a la pandemia de COVID-19:<br \/>Linea 2 Subvenciones dirigidas al mantenimiento de la actividad de personas trabajadoras aut\u00f3nomas y peque\u00f1as y medianas empresas,\u00a0<br \/>de los sectores m\u00e1s afectados por la crisis derivada de la COVID-19<\/em><\/p>","protected":false},"excerpt":{"rendered":"<p>FONDO EUROPEO DE DESARROLLO REGIONAL &nbsp; Proyecto cofinanciado por el Fondo Europeo de Desarrollo Regional como parte de la respuesta de la Uni\u00f3n a la pandemia de COVID-19:Linea 2 Subvenciones dirigidas al mantenimiento de la actividad de personas trabajadoras aut\u00f3nomas y peque\u00f1as y medianas empresas,\u00a0de&#8230;<\/p>\n","protected":false},"author":5,"featured_media":0,"parent":0,"menu_order":0,"comment_status":"closed","ping_status":"closed","template":"","meta":[],"_links":{"self":[{"href":"https:\/\/philipkoester.com\/de\/wp-json\/wp\/v2\/pages\/1808"}],"collection":[{"href":"https:\/\/philipkoester.com\/de\/wp-json\/wp\/v2\/pages"}],"about":[{"href":"https:\/\/philipkoester.com\/de\/wp-json\/wp\/v2\/types\/page"}],"author":[{"embeddable":true,"href":"https:\/\/philipkoester.com\/de\/wp-json\/wp\/v2\/users\/5"}],"replies":[{"embeddable":true,"href":"https:\/\/philipkoester.com\/de\/wp-json\/wp\/v2\/comments?post=1808"}],"version-history":[{"count":2,"href":"https:\/\/philipkoester.com\/de\/wp-json\/wp\/v2\/pages\/1808\/revisions"}],"predecessor-version":[{"id":1812,"href":"https:\/\/philipkoester.com\/de\/wp-json\/wp\/v2\/pages\/1808\/revisions\/1812"}],"wp:attachment":[{"href":"https:\/\/philipkoester.com\/de\/wp-json\/wp\/v2\/media?parent=1808"}],"curies":[{"name":"wp","href":"https:\/\/api.w.org\/{rel}","templated":true}]}}